{"id":425,"date":"2024-01-30T11:57:55","date_gmt":"2024-01-30T11:57:55","guid":{"rendered":"https:\/\/pixikidzone.com\/?page_id=425"},"modified":"2024-11-15T14:13:09","modified_gmt":"2024-11-15T13:13:09","slug":"our-story","status":"publish","type":"page","link":"https:\/\/pixikidzone.com\/hu\/our-story\/","title":{"rendered":"T\u00f6rt\u00e9net\u00fcnk"},"content":{"rendered":"<div data-elementor-type=\"wp-page\" data-elementor-id=\"425\" class=\"elementor elementor-425\" data-elementor-post-type=\"page\">\n\t\t\t\t<div class=\"elementor-element elementor-element-79ce698 e-flex e-con-boxed e-con e-parent\" data-id=\"79ce698\" data-element_type=\"container\" data-e-type=\"container\" data-settings=\"{&quot;background_background&quot;:&quot;classic&quot;,&quot;shape_divider_bottom&quot;:&quot;wave-brush&quot;}\">\n\t\t\t\t\t<div class=\"e-con-inner\">\n\t\t\t\t<div class=\"elementor-shape elementor-shape-bottom\" aria-hidden=\"true\" data-negative=\"false\">\n\t\t\t<svg xmlns=\"http:\/\/www.w3.org\/2000\/svg\" viewbox=\"0 0 283.5 27.8\" preserveaspectratio=\"none\">\n\t<path class=\"elementor-shape-fill\" d=\"M283.5,9.7c0,0-7.3,4.3-14,4.6c-6.8,0.3-12.6,0-20.9-1.5c-11.3-2-33.1-10.1-44.7-5.7\ts-12.1,4.6-18,7.4c-6.6,3.2-20,9.6-36.6,9.3C131.6,23.5,99.5,7.2,86.3,8c-1.4,0.1-6.6,0.8-10.5,2c-3.8,1.2-9.4,3.8-17,4.7\tc-3.2,0.4-8.3,1.1-14.2,0.9c-1.5-0.1-6.3-0.4-12-1.6c-5.7-1.2-11-3.1-15.8-3.7C6.5,9.2,0,10.8,0,10.8V0h283.5V9.7z M260.8,11.3\tc-0.7-1-2-0.4-4.3-0.4c-2.3,0-6.1-1.2-5.8-1.1c0.3,0.1,3.1,1.5,6,1.9C259.7,12.2,261.4,12.3,260.8,11.3z M242.4,8.6\tc0,0-2.4-0.2-5.6-0.9c-3.2-0.8-10.3-2.8-15.1-3.5c-8.2-1.1-15.8,0-15.1,0.1c0.8,0.1,9.6-0.6,17.6,1.1c3.3,0.7,9.3,2.2,12.4,2.7\tC239.9,8.7,242.4,8.6,242.4,8.6z M185.2,8.5c1.7-0.7-13.3,4.7-18.5,6.1c-2.1,0.6-6.2,1.6-10,2c-3.9,0.4-8.9,0.4-8.8,0.5\tc0,0.2,5.8,0.8,11.2,0c5.4-0.8,5.2-1.1,7.6-1.6C170.5,14.7,183.5,9.2,185.2,8.5z M199.1,6.9c0.2,0-0.8-0.4-4.8,1.1\tc-4,1.5-6.7,3.5-6.9,3.7c-0.2,0.1,3.5-1.8,6.6-3C197,7.5,199,6.9,199.1,6.9z M283,6c-0.1,0.1-1.9,1.1-4.8,2.5s-6.9,2.8-6.7,2.7\tc0.2,0,3.5-0.6,7.4-2.5C282.8,6.8,283.1,5.9,283,6z M31.3,11.6c0.1-0.2-1.9-0.2-4.5-1.2s-5.4-1.6-7.8-2C15,7.6,7.3,8.5,7.7,8.6\tC8,8.7,15.9,8.3,20.2,9.3c2.2,0.5,2.4,0.5,5.7,1.6S31.2,11.9,31.3,11.6z M73,9.2c0.4-0.1,3.5-1.6,8.4-2.6c4.9-1.1,8.9-0.5,8.9-0.8\tc0-0.3-1-0.9-6.2-0.3S72.6,9.3,73,9.2z M71.6,6.7C71.8,6.8,75,5.4,77.3,5c2.3-0.3,1.9-0.5,1.9-0.6c0-0.1-1.1-0.2-2.7,0.2\tC74.8,5.1,71.4,6.6,71.6,6.7z M93.6,4.4c0.1,0.2,3.5,0.8,5.6,1.8c2.1,1,1.8,0.6,1.9,0.5c0.1-0.1-0.8-0.8-2.4-1.3\tC97.1,4.8,93.5,4.2,93.6,4.4z M65.4,11.1c-0.1,0.3,0.3,0.5,1.9-0.2s2.6-1.3,2.2-1.2s-0.9,0.4-2.5,0.8C65.3,10.9,65.5,10.8,65.4,11.1\tz M34.5,12.4c-0.2,0,2.1,0.8,3.3,0.9c1.2,0.1,2,0.1,2-0.2c0-0.3-0.1-0.5-1.6-0.4C36.6,12.8,34.7,12.4,34.5,12.4z M152.2,21.1\tc-0.1,0.1-2.4-0.3-7.5-0.3c-5,0-13.6-2.4-17.2-3.5c-3.6-1.1,10,3.9,16.5,4.1C150.5,21.6,152.3,21,152.2,21.1z\"\/>\n\t<path class=\"elementor-shape-fill\" d=\"M269.6,18c-0.1-0.1-4.6,0.3-7.2,0c-7.3-0.7-17-3.2-16.6-2.9c0.4,0.3,13.7,3.1,17,3.3\tC267.7,18.8,269.7,18,269.6,18z\"\/>\n\t<path class=\"elementor-shape-fill\" d=\"M227.4,9.8c-0.2-0.1-4.5-1-9.5-1.2c-5-0.2-12.7,0.6-12.3,0.5c0.3-0.1,5.9-1.8,13.3-1.2\tS227.6,9.9,227.4,9.8z\"\/>\n\t<path class=\"elementor-shape-fill\" d=\"M204.5,13.4c-0.1-0.1,2-1,3.2-1.1c1.2-0.1,2,0,2,0.3c0,0.3-0.1,0.5-1.6,0.4\tC206.4,12.9,204.6,13.5,204.5,13.4z\"\/>\n\t<path class=\"elementor-shape-fill\" d=\"M201,10.6c0-0.1-4.4,1.2-6.3,2.2c-1.9,0.9-6.2,3.1-6.1,3.1c0.1,0.1,4.2-1.6,6.3-2.6\tS201,10.7,201,10.6z\"\/>\n\t<path class=\"elementor-shape-fill\" d=\"M154.5,26.7c-0.1-0.1-4.6,0.3-7.2,0c-7.3-0.7-17-3.2-16.6-2.9c0.4,0.3,13.7,3.1,17,3.3\tC152.6,27.5,154.6,26.8,154.5,26.7z\"\/>\n\t<path class=\"elementor-shape-fill\" d=\"M41.9,19.3c0,0,1.2-0.3,2.9-0.1c1.7,0.2,5.8,0.9,8.2,0.7c4.2-0.4,7.4-2.7,7-2.6\tc-0.4,0-4.3,2.2-8.6,1.9c-1.8-0.1-5.1-0.5-6.7-0.4S41.9,19.3,41.9,19.3z\"\/>\n\t<path class=\"elementor-shape-fill\" d=\"M75.5,12.6c0.2,0.1,2-0.8,4.3-1.1c2.3-0.2,2.1-0.3,2.1-0.5c0-0.1-1.8-0.4-3.4,0\tC76.9,11.5,75.3,12.5,75.5,12.6z\"\/>\n\t<path class=\"elementor-shape-fill\" d=\"M15.6,13.2c0-0.1,4.3,0,6.7,0.5c2.4,0.5,5,1.9,5,2c0,0.1-2.7-0.8-5.1-1.4\tC19.9,13.7,15.7,13.3,15.6,13.2z\"\/>\n<\/svg>\t\t<\/div>\n\t\t\t\t\t<\/div>\n\t\t\t\t<\/div>\n\t\t<div class=\"elementor-element elementor-element-0e43d98 e-flex e-con-boxed e-con e-parent\" data-id=\"0e43d98\" data-element_type=\"container\" data-e-type=\"container\" data-settings=\"{&quot;background_background&quot;:&quot;classic&quot;}\">\n\t\t\t\t\t<div class=\"e-con-inner\">\n\t\t<div class=\"elementor-element elementor-element-7fa6abc e-con-full e-flex e-con e-child\" data-id=\"7fa6abc\" data-element_type=\"container\" data-e-type=\"container\">\n\t\t\t\t<div class=\"elementor-element elementor-element-f828665 elementor-widget elementor-widget-text-editor\" data-id=\"f828665\" data-element_type=\"widget\" data-e-type=\"widget\" data-widget_type=\"text-editor.default\">\n\t\t\t\t\t\t\t\t\t<p>Sziasztok, Horv\u00e1th Csaba vagyok. Egy lelkes, de teljesen \u00e1tlagos apuka a gy\u00f6ny\u00f6r\u0171 Magyarorsz\u00e1gr\u00f3l. K\u00e9t csod\u00e1latos kis gyerek\u00fcnk van, akiket pr\u00f3b\u00e1lok angolra tan\u00edtani. Nem vagyok sem var\u00e1zsl\u00f3, sem nyelvzseni, csak egy apa, aki mindent megtesz a gyerekei\u00e9rt.<\/p><p>\u00c9ppen ez\u00e9rt ne sz\u00e1m\u00edts nagy \u201emi sztorinkra\u201d, de az\u00e9rt p\u00e1r gondolatot elmondan\u00e9k \ud83d\ude42<\/p><p>A nyelvtant a besz\u00e9lget\u00e9seink sor\u00e1n pr\u00f3b\u00e1lom nekik megtan\u00edtani, de a szavakkal m\u00e1r m\u00e1s a helyzet. Az \u00e9vek alatt sz\u00e1mtalan m\u00f3dszert kipr\u00f3b\u00e1ltunk egy\u00fctt \u2013 nyomtatott k\u00e9pes sz\u00f3t\u00e1r k\u00f6nyvek, applik\u00e1ci\u00f3k \u2013, de egyik sem nyerte el igaz\u00e1n a tetsz\u00e9s\u00fcnket, unalmasak voltak. Azt\u00e1n egy napon, amikor \u00e9ppen egy ilyen nyomtatott k\u00e9pes sz\u00f3t\u00e1rat olvasgattunk \u00e9s \u00e9ppen a konyhai eszk\u00f6z\u00f6kn\u00e9l tartottunk, akkor unalmukban szemeket \u00e9s mosolyg\u00f3 sz\u00e1jakat rajzoltak a t\u00e1rgyakra. Nagyon sokat nevett\u00fcnk \ud83d\ude0a \u00e9s ekkor, r\u00e1j\u00f6ttem: a humor \u00e9s a vizu\u00e1lis \u00f6r\u00f6m az, ami igaz\u00e1n megragadja \u0151ket \u00e9s lek\u00f6ti a figyelm\u00fcket.<\/p><p>Innen pattant ki az \u00f6tlet: mi lenne, ha egy saj\u00e1t, szem\u00e9lyre szabott programot k\u00e9sz\u00edten\u00e9k, ami nem csak oktat, de sz\u00f3rakoztat is? Kezdetben csak egyszer\u0171 kis sz\u00f3t\u00e1rprogramot \u00edrtam, amiben a t\u00e1rgyaknak sz\u00e1m\u00edt\u00f3g\u00e9ppel rajzoltam szemeket \u00e9s mosolyg\u00f3 sz\u00e1jakat. De ahogy a gyerekeim egyre t\u00f6bbet nevettek \u00e9s tanultak, r\u00e1j\u00f6ttem, hogy ez t\u00f6bb mint egy j\u00e1t\u00e9k \u2013 ez egy \u00faj m\u00f3dszer a tanul\u00e1sra.<\/p><p>Ez\u00e9rt d\u00f6nt\u00f6ttem \u00fagy, hogy komolyabban veszem a dolgot. Egy r\u00e9gi bar\u00e1tom, aki \u00e9rt az applik\u00e1ci\u00f3 fejleszt\u00e9shez, seg\u00edtett \u00e1lmodni egy kicsit nagyobbat: \u00edgy sz\u00fcletett meg a PixiLearn online k\u00e9pes sz\u00f3t\u00e1r. Bemutattam neki a r\u00e9szletes terveimet \u00e9s a fejemben kialakult program dokumenti\u00e1ci\u00f3j\u00e1t. Majd j\u00f6tt egy f\u00e9l \u00e9ves kem\u00e9ny munka, am\u00edg ezt piaci k\u00f6r\u00fclm\u00e9nyek k\u00f6z\u00f6tt is haszn\u00e1lhat\u00f3v\u00e1 tett\u00fck.<\/p><p>Nem volt egyszer\u0171 az \u00fat: munka, csal\u00e1d, \u00e9s ez a projekt, ami sz\u00edv\u00fcgyemm\u00e9 v\u00e1lt. Menet k\u00f6zben sokszor k\u00e9rdeztem magamt\u00f3l, mi\u00e9rt is csin\u00e1lom ezt az eg\u00e9szet? A v\u00e1lasz mindig ugyanaz volt: mert l\u00e1ttam a gyerekeim szem\u00e9ben azt a csillog\u00e1st, amikor \u00faj szavakat tanultak meg, \u00e9s mert tudtam, hogy ezzel nem csak nekik, de m\u00e1s gyerekeknek is seg\u00edthetek.<\/p><p>V\u00e9g\u00fcl szeretn\u00e9k k\u00f6sz\u00f6netet mondani mindenkinek, aki t\u00e1mogatott minket ezen az \u00faton. Rem\u00e9lem, hogy a PixiLearn seg\u00edt m\u00e1s csal\u00e1doknak is hasonl\u00f3 \u00f6r\u00f6m\u00f6ket tal\u00e1lni a tanul\u00e1sban, mint amilyeneket mi megtapasztaltunk. Tov\u00e1bbi sok sikert \u00e9s vid\u00e1m tanul\u00e1st k\u00edv\u00e1nok minden kis nyelvtanul\u00f3nak \u00e9s sz\u00fcleinek. Vigy\u00e1zzatok magatokra, \u00e9s ne felejts\u00e9tek el: a tanul\u00e1sban rejl\u0151 \u00f6r\u00f6m mindig ott van, csak meg kell tal\u00e1lni a megfelel\u0151 m\u00f3dot hozz\u00e1. K\u00f6sz\u00f6n\u00f6m, hogy id\u0151t sz\u00e1ntatok a t\u00f6rt\u00e9net\u00fcnkre.<\/p>\t\t\t\t\t\t\t\t<\/div>\n\t\t\t\t<\/div>\n\t\t<div class=\"elementor-element elementor-element-a2d535a e-con-full e-flex e-con e-child\" data-id=\"a2d535a\" data-element_type=\"container\" data-e-type=\"container\">\n\t\t\t\t<div class=\"elementor-element elementor-element-db82541 elementor-widget elementor-widget-image\" data-id=\"db82541\" data-element_type=\"widget\" data-e-type=\"widget\" data-widget_type=\"image.default\">\n\t\t\t\t\t\t\t\t\t\t\t\t\t\t\t<img fetchpriority=\"high\" decoding=\"async\" width=\"844\" height=\"844\" src=\"https:\/\/pixikidzone.com\/wp-content\/uploads\/2024\/11\/csaba_and_kids1.jpg\" class=\"attachment-large size-large wp-image-6303\" alt=\"\" srcset=\"https:\/\/pixikidzone.com\/wp-content\/uploads\/2024\/11\/csaba_and_kids1.jpg 844w, https:\/\/pixikidzone.com\/wp-content\/uploads\/2024\/11\/csaba_and_kids1-300x300.jpg 300w, https:\/\/pixikidzone.com\/wp-content\/uploads\/2024\/11\/csaba_and_kids1-150x150.jpg 150w, https:\/\/pixikidzone.com\/wp-content\/uploads\/2024\/11\/csaba_and_kids1-768x768.jpg 768w, https:\/\/pixikidzone.com\/wp-content\/uploads\/2024\/11\/csaba_and_kids1-12x12.jpg 12w, https:\/\/pixikidzone.com\/wp-content\/uploads\/2024\/11\/csaba_and_kids1-700x700.jpg 700w\" sizes=\"(max-width: 844px) 100vw, 844px\" \/>\t\t\t\t\t\t\t\t\t\t\t\t\t\t\t<\/div>\n\t\t\t\t<div class=\"elementor-element elementor-element-7a1ddbd elementor-widget elementor-widget-image\" data-id=\"7a1ddbd\" data-element_type=\"widget\" data-e-type=\"widget\" data-widget_type=\"image.default\">\n\t\t\t\t\t\t\t\t\t\t\t\t\t\t\t<img decoding=\"async\" width=\"900\" height=\"900\" src=\"https:\/\/pixikidzone.com\/wp-content\/uploads\/2024\/02\/csaba-1024x1024.jpg\" class=\"attachment-large size-large wp-image-2461\" alt=\"csaba\" srcset=\"https:\/\/pixikidzone.com\/wp-content\/uploads\/2024\/02\/csaba-1024x1024.jpg 1024w, https:\/\/pixikidzone.com\/wp-content\/uploads\/2024\/02\/csaba-300x300.jpg 300w, https:\/\/pixikidzone.com\/wp-content\/uploads\/2024\/02\/csaba-150x150.jpg 150w, https:\/\/pixikidzone.com\/wp-content\/uploads\/2024\/02\/csaba-768x768.jpg 768w, https:\/\/pixikidzone.com\/wp-content\/uploads\/2024\/02\/csaba-12x12.jpg 12w, https:\/\/pixikidzone.com\/wp-content\/uploads\/2024\/02\/csaba-700x700.jpg 700w, https:\/\/pixikidzone.com\/wp-content\/uploads\/2024\/02\/csaba.jpg 1394w\" sizes=\"(max-width: 900px) 100vw, 900px\" \/>\t\t\t\t\t\t\t\t\t\t\t\t\t\t\t<\/div>\n\t\t\t\t<div class=\"elementor-element elementor-element-ebbf1bb elementor-widget elementor-widget-image\" data-id=\"ebbf1bb\" data-element_type=\"widget\" data-e-type=\"widget\" data-widget_type=\"image.default\">\n\t\t\t\t\t\t\t\t\t\t\t\t\t\t\t<img decoding=\"async\" width=\"900\" height=\"900\" src=\"https:\/\/pixikidzone.com\/wp-content\/uploads\/2024\/11\/csaba_and_kids2.jpg\" class=\"attachment-large size-large wp-image-6304\" alt=\"\" srcset=\"https:\/\/pixikidzone.com\/wp-content\/uploads\/2024\/11\/csaba_and_kids2.jpg 1024w, https:\/\/pixikidzone.com\/wp-content\/uploads\/2024\/11\/csaba_and_kids2-300x300.jpg 300w, https:\/\/pixikidzone.com\/wp-content\/uploads\/2024\/11\/csaba_and_kids2-150x150.jpg 150w, https:\/\/pixikidzone.com\/wp-content\/uploads\/2024\/11\/csaba_and_kids2-768x768.jpg 768w, https:\/\/pixikidzone.com\/wp-content\/uploads\/2024\/11\/csaba_and_kids2-12x12.jpg 12w, https:\/\/pixikidzone.com\/wp-content\/uploads\/2024\/11\/csaba_and_kids2-700x700.jpg 700w\" sizes=\"(max-width: 900px) 100vw, 900px\" \/>\t\t\t\t\t\t\t\t\t\t\t\t\t\t\t<\/div>\n\t\t\t\t<\/div>\n\t\t\t\t\t<\/div>\n\t\t\t\t<\/div>\n\t\t<div class=\"elementor-element elementor-element-dd79fd4 e-flex e-con-boxed e-con e-parent\" data-id=\"dd79fd4\" data-element_type=\"container\" data-e-type=\"container\" data-settings=\"{&quot;background_background&quot;:&quot;classic&quot;}\">\n\t\t\t\t\t<div class=\"e-con-inner\">\n\t\t<div class=\"elementor-element elementor-element-ba52a9e e-con-full e-flex e-con e-child\" data-id=\"ba52a9e\" data-element_type=\"container\" data-e-type=\"container\">\n\t\t\t\t<div class=\"elementor-element elementor-element-457cb6c elementor-widget elementor-widget-heading\" data-id=\"457cb6c\" data-element_type=\"widget\" data-e-type=\"widget\" data-widget_type=\"heading.default\">\n\t\t\t\t\t<h2 class=\"elementor-heading-title elementor-size-default\">Esti mes\u00e9k<\/h2>\t\t\t\t<\/div>\n\t\t\t\t<div class=\"elementor-element elementor-element-26d5d48 elementor-widget elementor-widget-text-editor\" data-id=\"26d5d48\" data-element_type=\"widget\" data-e-type=\"widget\" data-widget_type=\"text-editor.default\">\n\t\t\t\t\t\t\t\t\t<p>Honlapomon szint\u00e9n felfedezhetsz mes\u00e9ket, amelyek sz\u00edvb\u0151l fakad\u00f3 szem\u00e9lyes kis alkot\u00e1saim. Gyermekeimnek minden este olvasok mes\u00e9t. A hagyom\u00e1nyos esti mesek\u00f6nyv olvas\u00e1sa ut\u00e1n eloltjuk a f\u00e9nyeket, \u00e9s ekkor veszi kezdet\u00e9t az a var\u00e1zslatos id\u0151szak, amikor saj\u00e1t kital\u00e1lt karakterekkel \u00e9s t\u00f6rt\u00e9netekkel ringatom \u0151ket \u00e1lomba. Ezeket a t\u00f6rt\u00e9neteket m\u00e1r kor\u00e1n elkezdtem pap\u00edrra vetni, teljesen f\u00fcggetlen\u00fcl ett\u0151l a projektt\u0151l. \u00c9s mennyire hasznosnak bizonyultak most! Ha Nektek is kedvetekre val\u00f3k, akkor ennek igaz\u00e1n \u00f6r\u00fcl\u00f6k. :)<\/p>\t\t\t\t\t\t\t\t<\/div>\n\t\t\t\t<div class=\"elementor-element elementor-element-5057d34 elementor-widget elementor-widget-button\" data-id=\"5057d34\" data-element_type=\"widget\" data-e-type=\"widget\" data-widget_type=\"button.default\">\n\t\t\t\t\t\t\t\t\t\t<a class=\"elementor-button elementor-button-link elementor-size-sm\" href=\"https:\/\/pixikidzone.com\/hu\/bedtime-stories\/\">\n\t\t\t\t\t\t<span class=\"elementor-button-content-wrapper\">\n\t\t\t\t\t\t\t\t\t<span class=\"elementor-button-text\">Elolvasom<\/span>\n\t\t\t\t\t<\/span>\n\t\t\t\t\t<\/a>\n\t\t\t\t\t\t\t\t<\/div>\n\t\t\t\t<\/div>\n\t\t<div class=\"elementor-element elementor-element-3449615 e-con-full e-flex e-con e-child\" data-id=\"3449615\" data-element_type=\"container\" data-e-type=\"container\">\n\t\t\t\t<div class=\"elementor-element elementor-element-9fee951 elementor-widget elementor-widget-image\" data-id=\"9fee951\" data-element_type=\"widget\" data-e-type=\"widget\" data-widget_type=\"image.default\">\n\t\t\t\t\t\t\t\t\t\t\t\t\t\t\t<img loading=\"lazy\" decoding=\"async\" width=\"900\" height=\"900\" src=\"https:\/\/pixikidzone.com\/wp-content\/uploads\/2024\/02\/bedtime-stories-1.jpg\" class=\"attachment-large size-large wp-image-2469\" alt=\"Bedtime Stories image - PixiKidZone.com\" srcset=\"https:\/\/pixikidzone.com\/wp-content\/uploads\/2024\/02\/bedtime-stories-1.jpg 1024w, https:\/\/pixikidzone.com\/wp-content\/uploads\/2024\/02\/bedtime-stories-1-300x300.jpg 300w, https:\/\/pixikidzone.com\/wp-content\/uploads\/2024\/02\/bedtime-stories-1-150x150.jpg 150w, https:\/\/pixikidzone.com\/wp-content\/uploads\/2024\/02\/bedtime-stories-1-768x768.jpg 768w, https:\/\/pixikidzone.com\/wp-content\/uploads\/2024\/02\/bedtime-stories-1-12x12.jpg 12w, https:\/\/pixikidzone.com\/wp-content\/uploads\/2024\/02\/bedtime-stories-1-700x700.jpg 700w\" sizes=\"(max-width: 900px) 100vw, 900px\" \/>\t\t\t\t\t\t\t\t\t\t\t\t\t\t\t<\/div>\n\t\t\t\t<\/div>\n\t\t\t\t\t<\/div>\n\t\t\t\t<\/div>\n\t\t<div class=\"elementor-element elementor-element-8cf2001 e-flex e-con-boxed e-con e-parent\" data-id=\"8cf2001\" data-element_type=\"container\" data-e-type=\"container\">\n\t\t\t\t\t<div class=\"e-con-inner\">\n\t\t<div class=\"elementor-element elementor-element-0d66eaf e-con-full e-flex e-con e-child\" data-id=\"0d66eaf\" data-element_type=\"container\" data-e-type=\"container\">\n\t\t\t\t<div class=\"elementor-element elementor-element-3518095 elementor-widget elementor-widget-heading\" data-id=\"3518095\" data-element_type=\"widget\" data-e-type=\"widget\" data-widget_type=\"heading.default\">\n\t\t\t\t\t<h2 class=\"elementor-heading-title elementor-size-default\">Blog<\/h2>\t\t\t\t<\/div>\n\t\t\t\t<div class=\"elementor-element elementor-element-a6a6a64 elementor-widget elementor-widget-text-editor\" data-id=\"a6a6a64\" data-element_type=\"widget\" data-e-type=\"widget\" data-widget_type=\"text-editor.default\">\n\t\t\t\t\t\t\t\t\t<p>Az oldalon blogokat is tal\u00e1lhatsz, melyek k\u00f6z\u00f6s alkot\u00e1saink, nekem \u00e9s a feles\u00e9gemnek. Ezekben a bejegyz\u00e9sekben saj\u00e1t \u00e9s bar\u00e1taink tapasztalatait \u00f6tv\u00f6zz\u00fck szakirodalommal, valamint belf\u00f6ldi \u00e9s k\u00fclf\u00f6ldi tanulm\u00e1nyokat is felhaszn\u00e1lunk. Ebben a projektben a feles\u00e9gem is jelent\u0151s szerepet j\u00e1tszik, hiszen sz\u00e1mos t\u00f6rt\u00e9netet az \u0151 k\u00f6zvetlen \u00e9lm\u00e9nyei ihlettek, r\u00e1ad\u00e1sul \u00edr\u00f3i k\u00e9pess\u00e9gei messze fel\u00fclm\u00falj\u00e1k az eny\u00e9imet. :)<\/p>\t\t\t\t\t\t\t\t<\/div>\n\t\t\t\t<div class=\"elementor-element elementor-element-4c971f1 elementor-widget elementor-widget-button\" data-id=\"4c971f1\" data-element_type=\"widget\" data-e-type=\"widget\" data-widget_type=\"button.default\">\n\t\t\t\t\t\t\t\t\t\t<a class=\"elementor-button elementor-button-link elementor-size-sm\" href=\"https:\/\/pixikidzone.com\/hu\/blog\/\">\n\t\t\t\t\t\t<span class=\"elementor-button-content-wrapper\">\n\t\t\t\t\t\t\t\t\t<span class=\"elementor-button-text\">Elolvasom<\/span>\n\t\t\t\t\t<\/span>\n\t\t\t\t\t<\/a>\n\t\t\t\t\t\t\t\t<\/div>\n\t\t\t\t<\/div>\n\t\t<div class=\"elementor-element elementor-element-474eabb e-con-full e-flex e-con e-child\" data-id=\"474eabb\" data-element_type=\"container\" data-e-type=\"container\">\n\t\t\t\t<div class=\"elementor-element elementor-element-eae99aa elementor-widget elementor-widget-image\" data-id=\"eae99aa\" data-element_type=\"widget\" data-e-type=\"widget\" data-widget_type=\"image.default\">\n\t\t\t\t\t\t\t\t\t\t\t\t\t\t\t<img loading=\"lazy\" decoding=\"async\" width=\"900\" height=\"900\" src=\"https:\/\/pixikidzone.com\/wp-content\/uploads\/2024\/02\/mom-reads-the-pixikidoone-articles-eu.jpg\" class=\"attachment-large size-large wp-image-2498\" alt=\"Mom reads the PixiKidZone articles.\" srcset=\"https:\/\/pixikidzone.com\/wp-content\/uploads\/2024\/02\/mom-reads-the-pixikidoone-articles-eu.jpg 1024w, https:\/\/pixikidzone.com\/wp-content\/uploads\/2024\/02\/mom-reads-the-pixikidoone-articles-eu-300x300.jpg 300w, https:\/\/pixikidzone.com\/wp-content\/uploads\/2024\/02\/mom-reads-the-pixikidoone-articles-eu-150x150.jpg 150w, https:\/\/pixikidzone.com\/wp-content\/uploads\/2024\/02\/mom-reads-the-pixikidoone-articles-eu-768x768.jpg 768w, https:\/\/pixikidzone.com\/wp-content\/uploads\/2024\/02\/mom-reads-the-pixikidoone-articles-eu-12x12.jpg 12w, https:\/\/pixikidzone.com\/wp-content\/uploads\/2024\/02\/mom-reads-the-pixikidoone-articles-eu-700x700.jpg 700w\" sizes=\"(max-width: 900px) 100vw, 900px\" \/>\t\t\t\t\t\t\t\t\t\t\t\t\t\t\t<\/div>\n\t\t\t\t<\/div>\n\t\t\t\t\t<\/div>\n\t\t\t\t<\/div>\n\t\t<div class=\"elementor-element elementor-element-1ebc556 e-flex e-con-boxed e-con e-parent\" data-id=\"1ebc556\" data-element_type=\"container\" data-e-type=\"container\" data-settings=\"{&quot;shape_divider_top&quot;:&quot;clouds&quot;,&quot;shape_divider_bottom&quot;:&quot;clouds&quot;}\">\n\t\t\t\t\t<div class=\"e-con-inner\">\n\t\t\t\t<div class=\"elementor-shape elementor-shape-top\" aria-hidden=\"true\" data-negative=\"false\">\n\t\t\t<svg xmlns=\"http:\/\/www.w3.org\/2000\/svg\" viewbox=\"0 0 283.5 27.8\" preserveaspectratio=\"xMidYMax slice\">\n  <path class=\"elementor-shape-fill\" d=\"M0 0v6.7c1.9-.8 4.7-1.4 8.5-1 9.5 1.1 11.1 6 11.1 6s2.1-.7 4.3-.2c2.1.5 2.8 2.6 2.8 2.6s.2-.5 1.4-.7c1.2-.2 1.7.2 1.7.2s0-2.1 1.9-2.8c1.9-.7 3.6.7 3.6.7s.7-2.9 3.1-4.1 4.7 0 4.7 0 1.2-.5 2.4 0 1.7 1.4 1.7 1.4h1.4c.7 0 1.2.7 1.2.7s.8-1.8 4-2.2c3.5-.4 5.3 2.4 6.2 4.4.4-.4 1-.7 1.8-.9 2.8-.7 4 .7 4 .7s1.7-5 11.1-6c9.5-1.1 12.3 3.9 12.3 3.9s1.2-4.8 5.7-5.7c4.5-.9 6.8 1.8 6.8 1.8s.6-.6 1.5-.9c.9-.2 1.9-.2 1.9-.2s5.2-6.4 12.6-3.3c7.3 3.1 4.7 9 4.7 9s1.9-.9 4 0 2.8 2.4 2.8 2.4 1.9-1.2 4.5-1.2 4.3 1.2 4.3 1.2.2-1 1.4-1.7 2.1-.7 2.1-.7-.5-3.1 2.1-5.5 5.7-1.4 5.7-1.4 1.5-2.3 4.2-1.1c2.7 1.2 1.7 5.2 1.7 5.2s.3-.1 1.3.5c.5.4.8.8.9 1.1.5-1.4 2.4-5.8 8.4-4 7.1 2.1 3.5 8.9 3.5 8.9s.8-.4 2 0 1.1 1.1 1.1 1.1 1.1-1.1 2.3-1.1 2.1.5 2.1.5 1.9-3.6 6.2-1.2 1.9 6.4 1.9 6.4 2.6-2.4 7.4 0c3.4 1.7 3.9 4.9 3.9 4.9s3.3-6.9 10.4-7.9 11.5 2.6 11.5 2.6.8 0 1.2.2c.4.2.9.9.9.9s4.4-3.1 8.3.2c1.9 1.7 1.5 5 1.5 5s.3-1.1 1.6-1.4c1.3-.3 2.3.2 2.3.2s-.1-1.2.5-1.9 1.9-.9 1.9-.9-4.7-9.3 4.4-13.4c5.6-2.5 9.2.9 9.2.9s5-6.2 15.9-6.2 16.1 8.1 16.1 8.1.7-.2 1.6-.4V0H0z\"\/>\n<\/svg>\n\t\t<\/div>\n\t\t\t\t<div class=\"elementor-shape elementor-shape-bottom\" aria-hidden=\"true\" data-negative=\"false\">\n\t\t\t<svg xmlns=\"http:\/\/www.w3.org\/2000\/svg\" viewbox=\"0 0 283.5 27.8\" preserveaspectratio=\"xMidYMax slice\">\n  <path class=\"elementor-shape-fill\" d=\"M0 0v6.7c1.9-.8 4.7-1.4 8.5-1 9.5 1.1 11.1 6 11.1 6s2.1-.7 4.3-.2c2.1.5 2.8 2.6 2.8 2.6s.2-.5 1.4-.7c1.2-.2 1.7.2 1.7.2s0-2.1 1.9-2.8c1.9-.7 3.6.7 3.6.7s.7-2.9 3.1-4.1 4.7 0 4.7 0 1.2-.5 2.4 0 1.7 1.4 1.7 1.4h1.4c.7 0 1.2.7 1.2.7s.8-1.8 4-2.2c3.5-.4 5.3 2.4 6.2 4.4.4-.4 1-.7 1.8-.9 2.8-.7 4 .7 4 .7s1.7-5 11.1-6c9.5-1.1 12.3 3.9 12.3 3.9s1.2-4.8 5.7-5.7c4.5-.9 6.8 1.8 6.8 1.8s.6-.6 1.5-.9c.9-.2 1.9-.2 1.9-.2s5.2-6.4 12.6-3.3c7.3 3.1 4.7 9 4.7 9s1.9-.9 4 0 2.8 2.4 2.8 2.4 1.9-1.2 4.5-1.2 4.3 1.2 4.3 1.2.2-1 1.4-1.7 2.1-.7 2.1-.7-.5-3.1 2.1-5.5 5.7-1.4 5.7-1.4 1.5-2.3 4.2-1.1c2.7 1.2 1.7 5.2 1.7 5.2s.3-.1 1.3.5c.5.4.8.8.9 1.1.5-1.4 2.4-5.8 8.4-4 7.1 2.1 3.5 8.9 3.5 8.9s.8-.4 2 0 1.1 1.1 1.1 1.1 1.1-1.1 2.3-1.1 2.1.5 2.1.5 1.9-3.6 6.2-1.2 1.9 6.4 1.9 6.4 2.6-2.4 7.4 0c3.4 1.7 3.9 4.9 3.9 4.9s3.3-6.9 10.4-7.9 11.5 2.6 11.5 2.6.8 0 1.2.2c.4.2.9.9.9.9s4.4-3.1 8.3.2c1.9 1.7 1.5 5 1.5 5s.3-1.1 1.6-1.4c1.3-.3 2.3.2 2.3.2s-.1-1.2.5-1.9 1.9-.9 1.9-.9-4.7-9.3 4.4-13.4c5.6-2.5 9.2.9 9.2.9s5-6.2 15.9-6.2 16.1 8.1 16.1 8.1.7-.2 1.6-.4V0H0z\"\/>\n<\/svg>\n\t\t<\/div>\n\t\t\t\t<div class=\"elementor-element elementor-element-dc9fa90 elementor-widget elementor-widget-text-editor\" data-id=\"dc9fa90\" data-element_type=\"widget\" data-e-type=\"widget\" data-widget_type=\"text-editor.default\">\n\t\t\t\t\t\t\t\t\t<p>\u00dcdv\u00f6zletem k\u00fcld\u00f6m az eg\u00e9sz vil\u00e1g PixiKidZone.com olvas\u00f3inak \u00e9s PixiLearn kis tanul\u00f3inak \ud83d\ude42<\/p>\t\t\t\t\t\t\t\t<\/div>\n\t\t\t\t<div class=\"elementor-element elementor-element-a2d220c elementor-widget elementor-widget-image\" data-id=\"a2d220c\" data-element_type=\"widget\" data-e-type=\"widget\" data-widget_type=\"image.default\">\n\t\t\t\t\t\t\t\t\t\t\t\t\t\t\t<img loading=\"lazy\" decoding=\"async\" width=\"600\" height=\"263\" src=\"https:\/\/pixikidzone.com\/wp-content\/uploads\/2024\/02\/thumbsup-kids.png\" class=\"attachment-large size-large wp-image-2472\" alt=\"Thumbs up kids - PixiKidZone.com\" srcset=\"https:\/\/pixikidzone.com\/wp-content\/uploads\/2024\/02\/thumbsup-kids.png 600w, https:\/\/pixikidzone.com\/wp-content\/uploads\/2024\/02\/thumbsup-kids-300x132.png 300w, https:\/\/pixikidzone.com\/wp-content\/uploads\/2024\/02\/thumbsup-kids-18x8.png 18w\" sizes=\"(max-width: 600px) 100vw, 600px\" \/>\t\t\t\t\t\t\t\t\t\t\t\t\t\t\t<\/div>\n\t\t\t\t\t<\/div>\n\t\t\t\t<\/div>\n\t\t\t\t<\/div>","protected":false},"excerpt":{"rendered":"<p>Hi everyone, my name is Csaba Horv\u00e1th. I&#8217;m an enthusiastic but completely average dad from beautiful Hungary. I have two wonderful little kids who I&#8217;m trying to teach English to. I&#8217;m no wizard or language genius, just a father who will do anything for his children. That&#8217;s why you shouldn&#8217;t expect any big &#8220;rags to &#8230; <a title=\"T\u00f6rt\u00e9net\u00fcnk\" class=\"read-more\" href=\"https:\/\/pixikidzone.com\/hu\/our-story\/\" aria-label=\"Read more about Our Story\">Olvass tov\u00e1bb<\/a><\/p>","protected":false},"author":1,"featured_media":0,"parent":0,"menu_order":0,"comment_status":"closed","ping_status":"closed","template":"elementor_header_footer","meta":{"_seopress_robots_primary_cat":"","_seopress_titles_title":"Our Story \u2013 How PixiLearn Began","_seopress_titles_desc":"A heartfelt journey of turning parenting challenges into a creative solution for language learning, combining humor, visuals, and engagement for children.","_seopress_robots_index":"","_glsr_average":0,"_glsr_ranking":0,"_glsr_reviews":0,"footnotes":""},"class_list":["post-425","page","type-page","status-publish"],"_links":{"self":[{"href":"https:\/\/pixikidzone.com\/hu\/wp-json\/wp\/v2\/pages\/425","targetHints":{"allow":["GET"]}}],"collection":[{"href":"https:\/\/pixikidzone.com\/hu\/wp-json\/wp\/v2\/pages"}],"about":[{"href":"https:\/\/pixikidzone.com\/hu\/wp-json\/wp\/v2\/types\/page"}],"author":[{"embeddable":true,"href":"https:\/\/pixikidzone.com\/hu\/wp-json\/wp\/v2\/users\/1"}],"replies":[{"embeddable":true,"href":"https:\/\/pixikidzone.com\/hu\/wp-json\/wp\/v2\/comments?post=425"}],"version-history":[{"count":144,"href":"https:\/\/pixikidzone.com\/hu\/wp-json\/wp\/v2\/pages\/425\/revisions"}],"predecessor-version":[{"id":6307,"href":"https:\/\/pixikidzone.com\/hu\/wp-json\/wp\/v2\/pages\/425\/revisions\/6307"}],"wp:attachment":[{"href":"https:\/\/pixikidzone.com\/hu\/wp-json\/wp\/v2\/media?parent=425"}],"curies":[{"name":"wp","href":"https:\/\/api.w.org\/{rel}","templated":true}]}}