{"id":425,"date":"2024-01-30T11:57:55","date_gmt":"2024-01-30T11:57:55","guid":{"rendered":"https:\/\/pixikidzone.com\/?page_id=425"},"modified":"2024-11-15T14:13:09","modified_gmt":"2024-11-15T13:13:09","slug":"our-story","status":"publish","type":"page","link":"https:\/\/pixikidzone.com\/fr\/our-story\/","title":{"rendered":"Notre Histoire"},"content":{"rendered":"<div data-elementor-type=\"wp-page\" data-elementor-id=\"425\" class=\"elementor elementor-425\" data-elementor-post-type=\"page\">\n\t\t\t\t<div class=\"elementor-element elementor-element-79ce698 e-flex e-con-boxed e-con e-parent\" data-id=\"79ce698\" data-element_type=\"container\" data-e-type=\"container\" data-settings=\"{&quot;background_background&quot;:&quot;classic&quot;,&quot;shape_divider_bottom&quot;:&quot;wave-brush&quot;}\">\n\t\t\t\t\t<div class=\"e-con-inner\">\n\t\t\t\t<div class=\"elementor-shape elementor-shape-bottom\" aria-hidden=\"true\" data-negative=\"false\">\n\t\t\t<svg xmlns=\"http:\/\/www.w3.org\/2000\/svg\" viewbox=\"0 0 283.5 27.8\" preserveaspectratio=\"none\">\n\t<path class=\"elementor-shape-fill\" d=\"M283.5,9.7c0,0-7.3,4.3-14,4.6c-6.8,0.3-12.6,0-20.9-1.5c-11.3-2-33.1-10.1-44.7-5.7\ts-12.1,4.6-18,7.4c-6.6,3.2-20,9.6-36.6,9.3C131.6,23.5,99.5,7.2,86.3,8c-1.4,0.1-6.6,0.8-10.5,2c-3.8,1.2-9.4,3.8-17,4.7\tc-3.2,0.4-8.3,1.1-14.2,0.9c-1.5-0.1-6.3-0.4-12-1.6c-5.7-1.2-11-3.1-15.8-3.7C6.5,9.2,0,10.8,0,10.8V0h283.5V9.7z M260.8,11.3\tc-0.7-1-2-0.4-4.3-0.4c-2.3,0-6.1-1.2-5.8-1.1c0.3,0.1,3.1,1.5,6,1.9C259.7,12.2,261.4,12.3,260.8,11.3z M242.4,8.6\tc0,0-2.4-0.2-5.6-0.9c-3.2-0.8-10.3-2.8-15.1-3.5c-8.2-1.1-15.8,0-15.1,0.1c0.8,0.1,9.6-0.6,17.6,1.1c3.3,0.7,9.3,2.2,12.4,2.7\tC239.9,8.7,242.4,8.6,242.4,8.6z M185.2,8.5c1.7-0.7-13.3,4.7-18.5,6.1c-2.1,0.6-6.2,1.6-10,2c-3.9,0.4-8.9,0.4-8.8,0.5\tc0,0.2,5.8,0.8,11.2,0c5.4-0.8,5.2-1.1,7.6-1.6C170.5,14.7,183.5,9.2,185.2,8.5z M199.1,6.9c0.2,0-0.8-0.4-4.8,1.1\tc-4,1.5-6.7,3.5-6.9,3.7c-0.2,0.1,3.5-1.8,6.6-3C197,7.5,199,6.9,199.1,6.9z M283,6c-0.1,0.1-1.9,1.1-4.8,2.5s-6.9,2.8-6.7,2.7\tc0.2,0,3.5-0.6,7.4-2.5C282.8,6.8,283.1,5.9,283,6z M31.3,11.6c0.1-0.2-1.9-0.2-4.5-1.2s-5.4-1.6-7.8-2C15,7.6,7.3,8.5,7.7,8.6\tC8,8.7,15.9,8.3,20.2,9.3c2.2,0.5,2.4,0.5,5.7,1.6S31.2,11.9,31.3,11.6z M73,9.2c0.4-0.1,3.5-1.6,8.4-2.6c4.9-1.1,8.9-0.5,8.9-0.8\tc0-0.3-1-0.9-6.2-0.3S72.6,9.3,73,9.2z M71.6,6.7C71.8,6.8,75,5.4,77.3,5c2.3-0.3,1.9-0.5,1.9-0.6c0-0.1-1.1-0.2-2.7,0.2\tC74.8,5.1,71.4,6.6,71.6,6.7z M93.6,4.4c0.1,0.2,3.5,0.8,5.6,1.8c2.1,1,1.8,0.6,1.9,0.5c0.1-0.1-0.8-0.8-2.4-1.3\tC97.1,4.8,93.5,4.2,93.6,4.4z M65.4,11.1c-0.1,0.3,0.3,0.5,1.9-0.2s2.6-1.3,2.2-1.2s-0.9,0.4-2.5,0.8C65.3,10.9,65.5,10.8,65.4,11.1\tz M34.5,12.4c-0.2,0,2.1,0.8,3.3,0.9c1.2,0.1,2,0.1,2-0.2c0-0.3-0.1-0.5-1.6-0.4C36.6,12.8,34.7,12.4,34.5,12.4z M152.2,21.1\tc-0.1,0.1-2.4-0.3-7.5-0.3c-5,0-13.6-2.4-17.2-3.5c-3.6-1.1,10,3.9,16.5,4.1C150.5,21.6,152.3,21,152.2,21.1z\"\/>\n\t<path class=\"elementor-shape-fill\" d=\"M269.6,18c-0.1-0.1-4.6,0.3-7.2,0c-7.3-0.7-17-3.2-16.6-2.9c0.4,0.3,13.7,3.1,17,3.3\tC267.7,18.8,269.7,18,269.6,18z\"\/>\n\t<path class=\"elementor-shape-fill\" d=\"M227.4,9.8c-0.2-0.1-4.5-1-9.5-1.2c-5-0.2-12.7,0.6-12.3,0.5c0.3-0.1,5.9-1.8,13.3-1.2\tS227.6,9.9,227.4,9.8z\"\/>\n\t<path class=\"elementor-shape-fill\" d=\"M204.5,13.4c-0.1-0.1,2-1,3.2-1.1c1.2-0.1,2,0,2,0.3c0,0.3-0.1,0.5-1.6,0.4\tC206.4,12.9,204.6,13.5,204.5,13.4z\"\/>\n\t<path class=\"elementor-shape-fill\" d=\"M201,10.6c0-0.1-4.4,1.2-6.3,2.2c-1.9,0.9-6.2,3.1-6.1,3.1c0.1,0.1,4.2-1.6,6.3-2.6\tS201,10.7,201,10.6z\"\/>\n\t<path class=\"elementor-shape-fill\" d=\"M154.5,26.7c-0.1-0.1-4.6,0.3-7.2,0c-7.3-0.7-17-3.2-16.6-2.9c0.4,0.3,13.7,3.1,17,3.3\tC152.6,27.5,154.6,26.8,154.5,26.7z\"\/>\n\t<path class=\"elementor-shape-fill\" d=\"M41.9,19.3c0,0,1.2-0.3,2.9-0.1c1.7,0.2,5.8,0.9,8.2,0.7c4.2-0.4,7.4-2.7,7-2.6\tc-0.4,0-4.3,2.2-8.6,1.9c-1.8-0.1-5.1-0.5-6.7-0.4S41.9,19.3,41.9,19.3z\"\/>\n\t<path class=\"elementor-shape-fill\" d=\"M75.5,12.6c0.2,0.1,2-0.8,4.3-1.1c2.3-0.2,2.1-0.3,2.1-0.5c0-0.1-1.8-0.4-3.4,0\tC76.9,11.5,75.3,12.5,75.5,12.6z\"\/>\n\t<path class=\"elementor-shape-fill\" d=\"M15.6,13.2c0-0.1,4.3,0,6.7,0.5c2.4,0.5,5,1.9,5,2c0,0.1-2.7-0.8-5.1-1.4\tC19.9,13.7,15.7,13.3,15.6,13.2z\"\/>\n<\/svg>\t\t<\/div>\n\t\t\t\t\t<\/div>\n\t\t\t\t<\/div>\n\t\t<div class=\"elementor-element elementor-element-0e43d98 e-flex e-con-boxed e-con e-parent\" data-id=\"0e43d98\" data-element_type=\"container\" data-e-type=\"container\" data-settings=\"{&quot;background_background&quot;:&quot;classic&quot;}\">\n\t\t\t\t\t<div class=\"e-con-inner\">\n\t\t<div class=\"elementor-element elementor-element-7fa6abc e-con-full e-flex e-con e-child\" data-id=\"7fa6abc\" data-element_type=\"container\" data-e-type=\"container\">\n\t\t\t\t<div class=\"elementor-element elementor-element-f828665 elementor-widget elementor-widget-text-editor\" data-id=\"f828665\" data-element_type=\"widget\" data-e-type=\"widget\" data-widget_type=\"text-editor.default\">\n\t\t\t\t\t\t\t\t\t<p>Bonjour ! Je m'appelle Csaba Horv\u00e1th. Je suis un p\u00e8re ordinaire, mais passionn\u00e9, originaire de la belle Hongrie. J'ai deux enfants merveilleux auxquels j'essaie d'enseigner l'anglais. Je ne suis ni magicien ni un g\u00e9nie des langues, juste un papa pr\u00eat \u00e0 tout pour ses enfants.<\/p><p>Par cons\u00e9quent, n'attendez pas de moi une \"grande histoire\", mais j'aimerais partager quelques r\u00e9flexions avec vous.<\/p><p>J'essaie d'apprendre la grammaire aux enfants pendant les conversations, mais les mots, c'est une autre affaire. Au fil des ans, nous avons essay\u00e9 de nombreuses m\u00e9thodes ensemble : des dictionnaires imprim\u00e9s avec des images, des applications, mais aucune ne les a vraiment attir\u00e9s, elles \u00e9taient ennuyeuses. Un jour, alors que nous feuilletions un dictionnaire imprim\u00e9 avec des images et que nous arrivions aux ustensiles de cuisine, les enfants, par ennui, ont commenc\u00e9 \u00e0 dessiner des yeux et des bouches souriantes sur les objets. Nous avons beaucoup ri, et \u00e0 ce moment-l\u00e0, j'ai r\u00e9alis\u00e9 : l'humour et le plaisir visuel sont ce qui les attire vraiment et capte leur attention.<\/p><p>C'est ainsi qu'est n\u00e9e l'id\u00e9e : et si je cr\u00e9ais un programme personnalis\u00e9 qui, non seulement les \u00e9duque, mais les divertit aussi ? Au d\u00e9but, j'ai \u00e9crit une simple application de dictionnaire, dans laquelle j'ai dessin\u00e9 des yeux et des bouches souriantes sur les objets \u00e0 l'aide de l'ordinateur. Mais plus mes enfants riaient et apprenaient, plus je me rendais compte que c'\u00e9tait plus qu'un jeu : c'\u00e9tait une nouvelle m\u00e9thode d'apprentissage.<\/p><p>C'est pourquoi j'ai d\u00e9cid\u00e9 de prendre la chose plus au s\u00e9rieux. Un vieil ami, qui s'occupe du d\u00e9veloppement d'applications, m'a aid\u00e9 \u00e0 d\u00e9velopper un peu plus l'id\u00e9e : c'est ainsi qu'est n\u00e9 le dictionnaire illustr\u00e9 en ligne PixiLearn. Je lui ai pr\u00e9sent\u00e9 mes plans d\u00e9taill\u00e9s et la documentation du programme que j'avais \u00e9labor\u00e9e mentalement. Ensuite, a suivi une p\u00e9riode de six mois de travail intense, jusqu'\u00e0 ce que nous rendions l'application disponible pour une utilisation dans un environnement commercial.<\/p><p>Le chemin n'a pas \u00e9t\u00e9 facile : le travail, la famille et ce projet, qui est devenu mon cheval de bataille. En cours de route, je me suis souvent demand\u00e9 : pourquoi je fais tout \u00e7a ? La r\u00e9ponse a toujours \u00e9t\u00e9 la m\u00eame : je voyais l'\u00e9tincelle dans les yeux de mes enfants lorsqu'ils apprenaient de nouveaux mots, et je savais qu'ainsi, je pouvais les aider, eux et d'autres enfants.<\/p><p>Enfin, je voudrais remercier tous ceux qui nous ont soutenus sur ce chemin. J'esp\u00e8re que PixiLearn aidera d'autres familles \u00e0 trouver la m\u00eame joie dans l'apprentissage que nous. Je souhaite beaucoup de succ\u00e8s et un apprentissage ludique \u00e0 tous les petits apprenants de langues et \u00e0 leurs parents. Prenez soin de vous et n'oubliez pas : la joie d'apprendre est toujours l\u00e0, il suffit de trouver la bonne m\u00e9thode. Merci d'avoir consacr\u00e9 du temps \u00e0 notre histoire.<\/p>\t\t\t\t\t\t\t\t<\/div>\n\t\t\t\t<\/div>\n\t\t<div class=\"elementor-element elementor-element-a2d535a e-con-full e-flex e-con e-child\" data-id=\"a2d535a\" data-element_type=\"container\" data-e-type=\"container\">\n\t\t\t\t<div class=\"elementor-element elementor-element-db82541 elementor-widget elementor-widget-image\" data-id=\"db82541\" data-element_type=\"widget\" data-e-type=\"widget\" data-widget_type=\"image.default\">\n\t\t\t\t\t\t\t\t\t\t\t\t\t\t\t<img fetchpriority=\"high\" decoding=\"async\" width=\"844\" height=\"844\" src=\"https:\/\/pixikidzone.com\/wp-content\/uploads\/2024\/11\/csaba_and_kids1.jpg\" class=\"attachment-large size-large wp-image-6303\" alt=\"\" srcset=\"https:\/\/pixikidzone.com\/wp-content\/uploads\/2024\/11\/csaba_and_kids1.jpg 844w, https:\/\/pixikidzone.com\/wp-content\/uploads\/2024\/11\/csaba_and_kids1-300x300.jpg 300w, https:\/\/pixikidzone.com\/wp-content\/uploads\/2024\/11\/csaba_and_kids1-150x150.jpg 150w, https:\/\/pixikidzone.com\/wp-content\/uploads\/2024\/11\/csaba_and_kids1-768x768.jpg 768w, https:\/\/pixikidzone.com\/wp-content\/uploads\/2024\/11\/csaba_and_kids1-12x12.jpg 12w, https:\/\/pixikidzone.com\/wp-content\/uploads\/2024\/11\/csaba_and_kids1-700x700.jpg 700w\" sizes=\"(max-width: 844px) 100vw, 844px\" \/>\t\t\t\t\t\t\t\t\t\t\t\t\t\t\t<\/div>\n\t\t\t\t<div class=\"elementor-element elementor-element-7a1ddbd elementor-widget elementor-widget-image\" data-id=\"7a1ddbd\" data-element_type=\"widget\" data-e-type=\"widget\" data-widget_type=\"image.default\">\n\t\t\t\t\t\t\t\t\t\t\t\t\t\t\t<img decoding=\"async\" width=\"900\" height=\"900\" src=\"https:\/\/pixikidzone.com\/wp-content\/uploads\/2024\/02\/csaba-1024x1024.jpg\" class=\"attachment-large size-large wp-image-2461\" alt=\"csaba\" srcset=\"https:\/\/pixikidzone.com\/wp-content\/uploads\/2024\/02\/csaba-1024x1024.jpg 1024w, https:\/\/pixikidzone.com\/wp-content\/uploads\/2024\/02\/csaba-300x300.jpg 300w, https:\/\/pixikidzone.com\/wp-content\/uploads\/2024\/02\/csaba-150x150.jpg 150w, https:\/\/pixikidzone.com\/wp-content\/uploads\/2024\/02\/csaba-768x768.jpg 768w, https:\/\/pixikidzone.com\/wp-content\/uploads\/2024\/02\/csaba-12x12.jpg 12w, https:\/\/pixikidzone.com\/wp-content\/uploads\/2024\/02\/csaba-700x700.jpg 700w, https:\/\/pixikidzone.com\/wp-content\/uploads\/2024\/02\/csaba.jpg 1394w\" sizes=\"(max-width: 900px) 100vw, 900px\" \/>\t\t\t\t\t\t\t\t\t\t\t\t\t\t\t<\/div>\n\t\t\t\t<div class=\"elementor-element elementor-element-ebbf1bb elementor-widget elementor-widget-image\" data-id=\"ebbf1bb\" data-element_type=\"widget\" data-e-type=\"widget\" data-widget_type=\"image.default\">\n\t\t\t\t\t\t\t\t\t\t\t\t\t\t\t<img decoding=\"async\" width=\"900\" height=\"900\" src=\"https:\/\/pixikidzone.com\/wp-content\/uploads\/2024\/11\/csaba_and_kids2.jpg\" class=\"attachment-large size-large wp-image-6304\" alt=\"\" srcset=\"https:\/\/pixikidzone.com\/wp-content\/uploads\/2024\/11\/csaba_and_kids2.jpg 1024w, https:\/\/pixikidzone.com\/wp-content\/uploads\/2024\/11\/csaba_and_kids2-300x300.jpg 300w, https:\/\/pixikidzone.com\/wp-content\/uploads\/2024\/11\/csaba_and_kids2-150x150.jpg 150w, https:\/\/pixikidzone.com\/wp-content\/uploads\/2024\/11\/csaba_and_kids2-768x768.jpg 768w, https:\/\/pixikidzone.com\/wp-content\/uploads\/2024\/11\/csaba_and_kids2-12x12.jpg 12w, https:\/\/pixikidzone.com\/wp-content\/uploads\/2024\/11\/csaba_and_kids2-700x700.jpg 700w\" sizes=\"(max-width: 900px) 100vw, 900px\" \/>\t\t\t\t\t\t\t\t\t\t\t\t\t\t\t<\/div>\n\t\t\t\t<\/div>\n\t\t\t\t\t<\/div>\n\t\t\t\t<\/div>\n\t\t<div class=\"elementor-element elementor-element-dd79fd4 e-flex e-con-boxed e-con e-parent\" data-id=\"dd79fd4\" data-element_type=\"container\" data-e-type=\"container\" data-settings=\"{&quot;background_background&quot;:&quot;classic&quot;}\">\n\t\t\t\t\t<div class=\"e-con-inner\">\n\t\t<div class=\"elementor-element elementor-element-ba52a9e e-con-full e-flex e-con e-child\" data-id=\"ba52a9e\" data-element_type=\"container\" data-e-type=\"container\">\n\t\t\t\t<div class=\"elementor-element elementor-element-457cb6c elementor-widget elementor-widget-heading\" data-id=\"457cb6c\" data-element_type=\"widget\" data-e-type=\"widget\" data-widget_type=\"heading.default\">\n\t\t\t\t\t<h2 class=\"elementor-heading-title elementor-size-default\">Histoires \u00e0 dormir debout<\/h2>\t\t\t\t<\/div>\n\t\t\t\t<div class=\"elementor-element elementor-element-26d5d48 elementor-widget elementor-widget-text-editor\" data-id=\"26d5d48\" data-element_type=\"widget\" data-e-type=\"widget\" data-widget_type=\"text-editor.default\">\n\t\t\t\t\t\t\t\t\t<p>Sur mon site Web, vous pouvez \u00e9galement d\u00e9couvrir des histoires qui sont mes cr\u00e9ations personnelles et sinc\u00e8res. Chaque soir, je lis des histoires \u00e0 mes enfants. Apr\u00e8s avoir lu le livre de contes de f\u00e9es traditionnel avant le coucher, nous \u00e9teignons les lumi\u00e8res et commence ensuite le moment magique de les bercer pour dormir avec des personnages et des histoires de mon invention. J'ai commenc\u00e9 \u00e0 mettre ces histoires sur papier tr\u00e8s t\u00f4t, compl\u00e8tement ind\u00e9pendamment de ce projet. Et comme elles sont utiles maintenant ! Si vous les aimez aussi, je suis vraiment heureux. :)<\/p>\t\t\t\t\t\t\t\t<\/div>\n\t\t\t\t<div class=\"elementor-element elementor-element-5057d34 elementor-widget elementor-widget-button\" data-id=\"5057d34\" data-element_type=\"widget\" data-e-type=\"widget\" data-widget_type=\"button.default\">\n\t\t\t\t\t\t\t\t\t\t<a class=\"elementor-button elementor-button-link elementor-size-sm\" href=\"https:\/\/pixikidzone.com\/fr\/bedtime-stories\/\">\n\t\t\t\t\t\t<span class=\"elementor-button-content-wrapper\">\n\t\t\t\t\t\t\t\t\t<span class=\"elementor-button-text\">En savoir plus<\/span>\n\t\t\t\t\t<\/span>\n\t\t\t\t\t<\/a>\n\t\t\t\t\t\t\t\t<\/div>\n\t\t\t\t<\/div>\n\t\t<div class=\"elementor-element elementor-element-3449615 e-con-full e-flex e-con e-child\" data-id=\"3449615\" data-element_type=\"container\" data-e-type=\"container\">\n\t\t\t\t<div class=\"elementor-element elementor-element-9fee951 elementor-widget elementor-widget-image\" data-id=\"9fee951\" data-element_type=\"widget\" data-e-type=\"widget\" data-widget_type=\"image.default\">\n\t\t\t\t\t\t\t\t\t\t\t\t\t\t\t<img loading=\"lazy\" decoding=\"async\" width=\"900\" height=\"900\" src=\"https:\/\/pixikidzone.com\/wp-content\/uploads\/2024\/02\/bedtime-stories-1.jpg\" class=\"attachment-large size-large wp-image-2469\" alt=\"Bedtime Stories image - PixiKidZone.com\" srcset=\"https:\/\/pixikidzone.com\/wp-content\/uploads\/2024\/02\/bedtime-stories-1.jpg 1024w, https:\/\/pixikidzone.com\/wp-content\/uploads\/2024\/02\/bedtime-stories-1-300x300.jpg 300w, https:\/\/pixikidzone.com\/wp-content\/uploads\/2024\/02\/bedtime-stories-1-150x150.jpg 150w, https:\/\/pixikidzone.com\/wp-content\/uploads\/2024\/02\/bedtime-stories-1-768x768.jpg 768w, https:\/\/pixikidzone.com\/wp-content\/uploads\/2024\/02\/bedtime-stories-1-12x12.jpg 12w, https:\/\/pixikidzone.com\/wp-content\/uploads\/2024\/02\/bedtime-stories-1-700x700.jpg 700w\" sizes=\"(max-width: 900px) 100vw, 900px\" \/>\t\t\t\t\t\t\t\t\t\t\t\t\t\t\t<\/div>\n\t\t\t\t<\/div>\n\t\t\t\t\t<\/div>\n\t\t\t\t<\/div>\n\t\t<div class=\"elementor-element elementor-element-8cf2001 e-flex e-con-boxed e-con e-parent\" data-id=\"8cf2001\" data-element_type=\"container\" data-e-type=\"container\">\n\t\t\t\t\t<div class=\"e-con-inner\">\n\t\t<div class=\"elementor-element elementor-element-0d66eaf e-con-full e-flex e-con e-child\" data-id=\"0d66eaf\" data-element_type=\"container\" data-e-type=\"container\">\n\t\t\t\t<div class=\"elementor-element elementor-element-3518095 elementor-widget elementor-widget-heading\" data-id=\"3518095\" data-element_type=\"widget\" data-e-type=\"widget\" data-widget_type=\"heading.default\">\n\t\t\t\t\t<h2 class=\"elementor-heading-title elementor-size-default\">Blog<\/h2>\t\t\t\t<\/div>\n\t\t\t\t<div class=\"elementor-element elementor-element-a6a6a64 elementor-widget elementor-widget-text-editor\" data-id=\"a6a6a64\" data-element_type=\"widget\" data-e-type=\"widget\" data-widget_type=\"text-editor.default\">\n\t\t\t\t\t\t\t\t\t<p>Vous trouverez \u00e9galement sur le site des blogs, qui sont le fruit du travail conjoint de mon \u00e9pouse et de moi-m\u00eame. Dans ces articles, nous combinons nos propres exp\u00e9riences et celles de nos amis avec la litt\u00e9rature, ainsi qu'avec des \u00e9tudes nationales et internationales. Ma femme joue \u00e9galement un r\u00f4le important dans ce projet, car de nombreuses histoires sont inspir\u00e9es de ses exp\u00e9riences directes, et ses comp\u00e9tences en mati\u00e8re d'\u00e9criture d\u00e9passent de loin les miennes \ud83d\ude42 .<\/p>\t\t\t\t\t\t\t\t<\/div>\n\t\t\t\t<div class=\"elementor-element elementor-element-4c971f1 elementor-widget elementor-widget-button\" data-id=\"4c971f1\" data-element_type=\"widget\" data-e-type=\"widget\" data-widget_type=\"button.default\">\n\t\t\t\t\t\t\t\t\t\t<a class=\"elementor-button elementor-button-link elementor-size-sm\" href=\"https:\/\/pixikidzone.com\/fr\/blog\/\">\n\t\t\t\t\t\t<span class=\"elementor-button-content-wrapper\">\n\t\t\t\t\t\t\t\t\t<span class=\"elementor-button-text\">En savoir plus<\/span>\n\t\t\t\t\t<\/span>\n\t\t\t\t\t<\/a>\n\t\t\t\t\t\t\t\t<\/div>\n\t\t\t\t<\/div>\n\t\t<div class=\"elementor-element elementor-element-474eabb e-con-full e-flex e-con e-child\" data-id=\"474eabb\" data-element_type=\"container\" data-e-type=\"container\">\n\t\t\t\t<div class=\"elementor-element elementor-element-eae99aa elementor-widget elementor-widget-image\" data-id=\"eae99aa\" data-element_type=\"widget\" data-e-type=\"widget\" data-widget_type=\"image.default\">\n\t\t\t\t\t\t\t\t\t\t\t\t\t\t\t<img loading=\"lazy\" decoding=\"async\" width=\"900\" height=\"900\" src=\"https:\/\/pixikidzone.com\/wp-content\/uploads\/2024\/02\/mom-reads-the-pixikidoone-articles-eu.jpg\" class=\"attachment-large size-large wp-image-2498\" alt=\"Mom reads the PixiKidZone articles.\" srcset=\"https:\/\/pixikidzone.com\/wp-content\/uploads\/2024\/02\/mom-reads-the-pixikidoone-articles-eu.jpg 1024w, https:\/\/pixikidzone.com\/wp-content\/uploads\/2024\/02\/mom-reads-the-pixikidoone-articles-eu-300x300.jpg 300w, https:\/\/pixikidzone.com\/wp-content\/uploads\/2024\/02\/mom-reads-the-pixikidoone-articles-eu-150x150.jpg 150w, https:\/\/pixikidzone.com\/wp-content\/uploads\/2024\/02\/mom-reads-the-pixikidoone-articles-eu-768x768.jpg 768w, https:\/\/pixikidzone.com\/wp-content\/uploads\/2024\/02\/mom-reads-the-pixikidoone-articles-eu-12x12.jpg 12w, https:\/\/pixikidzone.com\/wp-content\/uploads\/2024\/02\/mom-reads-the-pixikidoone-articles-eu-700x700.jpg 700w\" sizes=\"(max-width: 900px) 100vw, 900px\" \/>\t\t\t\t\t\t\t\t\t\t\t\t\t\t\t<\/div>\n\t\t\t\t<\/div>\n\t\t\t\t\t<\/div>\n\t\t\t\t<\/div>\n\t\t<div class=\"elementor-element elementor-element-1ebc556 e-flex e-con-boxed e-con e-parent\" data-id=\"1ebc556\" data-element_type=\"container\" data-e-type=\"container\" data-settings=\"{&quot;shape_divider_top&quot;:&quot;clouds&quot;,&quot;shape_divider_bottom&quot;:&quot;clouds&quot;}\">\n\t\t\t\t\t<div class=\"e-con-inner\">\n\t\t\t\t<div class=\"elementor-shape elementor-shape-top\" aria-hidden=\"true\" data-negative=\"false\">\n\t\t\t<svg xmlns=\"http:\/\/www.w3.org\/2000\/svg\" viewbox=\"0 0 283.5 27.8\" preserveaspectratio=\"xMidYMax slice\">\n  <path class=\"elementor-shape-fill\" d=\"M0 0v6.7c1.9-.8 4.7-1.4 8.5-1 9.5 1.1 11.1 6 11.1 6s2.1-.7 4.3-.2c2.1.5 2.8 2.6 2.8 2.6s.2-.5 1.4-.7c1.2-.2 1.7.2 1.7.2s0-2.1 1.9-2.8c1.9-.7 3.6.7 3.6.7s.7-2.9 3.1-4.1 4.7 0 4.7 0 1.2-.5 2.4 0 1.7 1.4 1.7 1.4h1.4c.7 0 1.2.7 1.2.7s.8-1.8 4-2.2c3.5-.4 5.3 2.4 6.2 4.4.4-.4 1-.7 1.8-.9 2.8-.7 4 .7 4 .7s1.7-5 11.1-6c9.5-1.1 12.3 3.9 12.3 3.9s1.2-4.8 5.7-5.7c4.5-.9 6.8 1.8 6.8 1.8s.6-.6 1.5-.9c.9-.2 1.9-.2 1.9-.2s5.2-6.4 12.6-3.3c7.3 3.1 4.7 9 4.7 9s1.9-.9 4 0 2.8 2.4 2.8 2.4 1.9-1.2 4.5-1.2 4.3 1.2 4.3 1.2.2-1 1.4-1.7 2.1-.7 2.1-.7-.5-3.1 2.1-5.5 5.7-1.4 5.7-1.4 1.5-2.3 4.2-1.1c2.7 1.2 1.7 5.2 1.7 5.2s.3-.1 1.3.5c.5.4.8.8.9 1.1.5-1.4 2.4-5.8 8.4-4 7.1 2.1 3.5 8.9 3.5 8.9s.8-.4 2 0 1.1 1.1 1.1 1.1 1.1-1.1 2.3-1.1 2.1.5 2.1.5 1.9-3.6 6.2-1.2 1.9 6.4 1.9 6.4 2.6-2.4 7.4 0c3.4 1.7 3.9 4.9 3.9 4.9s3.3-6.9 10.4-7.9 11.5 2.6 11.5 2.6.8 0 1.2.2c.4.2.9.9.9.9s4.4-3.1 8.3.2c1.9 1.7 1.5 5 1.5 5s.3-1.1 1.6-1.4c1.3-.3 2.3.2 2.3.2s-.1-1.2.5-1.9 1.9-.9 1.9-.9-4.7-9.3 4.4-13.4c5.6-2.5 9.2.9 9.2.9s5-6.2 15.9-6.2 16.1 8.1 16.1 8.1.7-.2 1.6-.4V0H0z\"\/>\n<\/svg>\n\t\t<\/div>\n\t\t\t\t<div class=\"elementor-shape elementor-shape-bottom\" aria-hidden=\"true\" data-negative=\"false\">\n\t\t\t<svg xmlns=\"http:\/\/www.w3.org\/2000\/svg\" viewbox=\"0 0 283.5 27.8\" preserveaspectratio=\"xMidYMax slice\">\n  <path class=\"elementor-shape-fill\" d=\"M0 0v6.7c1.9-.8 4.7-1.4 8.5-1 9.5 1.1 11.1 6 11.1 6s2.1-.7 4.3-.2c2.1.5 2.8 2.6 2.8 2.6s.2-.5 1.4-.7c1.2-.2 1.7.2 1.7.2s0-2.1 1.9-2.8c1.9-.7 3.6.7 3.6.7s.7-2.9 3.1-4.1 4.7 0 4.7 0 1.2-.5 2.4 0 1.7 1.4 1.7 1.4h1.4c.7 0 1.2.7 1.2.7s.8-1.8 4-2.2c3.5-.4 5.3 2.4 6.2 4.4.4-.4 1-.7 1.8-.9 2.8-.7 4 .7 4 .7s1.7-5 11.1-6c9.5-1.1 12.3 3.9 12.3 3.9s1.2-4.8 5.7-5.7c4.5-.9 6.8 1.8 6.8 1.8s.6-.6 1.5-.9c.9-.2 1.9-.2 1.9-.2s5.2-6.4 12.6-3.3c7.3 3.1 4.7 9 4.7 9s1.9-.9 4 0 2.8 2.4 2.8 2.4 1.9-1.2 4.5-1.2 4.3 1.2 4.3 1.2.2-1 1.4-1.7 2.1-.7 2.1-.7-.5-3.1 2.1-5.5 5.7-1.4 5.7-1.4 1.5-2.3 4.2-1.1c2.7 1.2 1.7 5.2 1.7 5.2s.3-.1 1.3.5c.5.4.8.8.9 1.1.5-1.4 2.4-5.8 8.4-4 7.1 2.1 3.5 8.9 3.5 8.9s.8-.4 2 0 1.1 1.1 1.1 1.1 1.1-1.1 2.3-1.1 2.1.5 2.1.5 1.9-3.6 6.2-1.2 1.9 6.4 1.9 6.4 2.6-2.4 7.4 0c3.4 1.7 3.9 4.9 3.9 4.9s3.3-6.9 10.4-7.9 11.5 2.6 11.5 2.6.8 0 1.2.2c.4.2.9.9.9.9s4.4-3.1 8.3.2c1.9 1.7 1.5 5 1.5 5s.3-1.1 1.6-1.4c1.3-.3 2.3.2 2.3.2s-.1-1.2.5-1.9 1.9-.9 1.9-.9-4.7-9.3 4.4-13.4c5.6-2.5 9.2.9 9.2.9s5-6.2 15.9-6.2 16.1 8.1 16.1 8.1.7-.2 1.6-.4V0H0z\"\/>\n<\/svg>\n\t\t<\/div>\n\t\t\t\t<div class=\"elementor-element elementor-element-dc9fa90 elementor-widget elementor-widget-text-editor\" data-id=\"dc9fa90\" data-element_type=\"widget\" data-e-type=\"widget\" data-widget_type=\"text-editor.default\">\n\t\t\t\t\t\t\t\t\t<p>Bienvenue \u00e0 tous les lecteurs de PixiKidZone.com et aux petits apprenants PixiLearn du monde entier ! \ud83d\ude42<\/p>\t\t\t\t\t\t\t\t<\/div>\n\t\t\t\t<div class=\"elementor-element elementor-element-a2d220c elementor-widget elementor-widget-image\" data-id=\"a2d220c\" data-element_type=\"widget\" data-e-type=\"widget\" data-widget_type=\"image.default\">\n\t\t\t\t\t\t\t\t\t\t\t\t\t\t\t<img loading=\"lazy\" decoding=\"async\" width=\"600\" height=\"263\" src=\"https:\/\/pixikidzone.com\/wp-content\/uploads\/2024\/02\/thumbsup-kids.png\" class=\"attachment-large size-large wp-image-2472\" alt=\"Thumbs up kids - PixiKidZone.com\" srcset=\"https:\/\/pixikidzone.com\/wp-content\/uploads\/2024\/02\/thumbsup-kids.png 600w, https:\/\/pixikidzone.com\/wp-content\/uploads\/2024\/02\/thumbsup-kids-300x132.png 300w, https:\/\/pixikidzone.com\/wp-content\/uploads\/2024\/02\/thumbsup-kids-18x8.png 18w\" sizes=\"(max-width: 600px) 100vw, 600px\" \/>\t\t\t\t\t\t\t\t\t\t\t\t\t\t\t<\/div>\n\t\t\t\t\t<\/div>\n\t\t\t\t<\/div>\n\t\t\t\t<\/div>","protected":false},"excerpt":{"rendered":"<p>Hi everyone, my name is Csaba Horv\u00e1th. I&#8217;m an enthusiastic but completely average dad from beautiful Hungary. I have two wonderful little kids who I&#8217;m trying to teach English to. I&#8217;m no wizard or language genius, just a father who will do anything for his children. That&#8217;s why you shouldn&#8217;t expect any big &#8220;rags to &#8230; <a title=\"Notre Histoire\" class=\"read-more\" href=\"https:\/\/pixikidzone.com\/fr\/our-story\/\" aria-label=\"En savoir plus sur Our Story\">Lire la suite<\/a><\/p>","protected":false},"author":1,"featured_media":0,"parent":0,"menu_order":0,"comment_status":"closed","ping_status":"closed","template":"elementor_header_footer","meta":{"_seopress_robots_primary_cat":"","_seopress_titles_title":"Our Story \u2013 How PixiLearn Began","_seopress_titles_desc":"A heartfelt journey of turning parenting challenges into a creative solution for language learning, combining humor, visuals, and engagement for children.","_seopress_robots_index":"","_glsr_average":0,"_glsr_ranking":0,"_glsr_reviews":0,"footnotes":""},"class_list":["post-425","page","type-page","status-publish"],"_links":{"self":[{"href":"https:\/\/pixikidzone.com\/fr\/wp-json\/wp\/v2\/pages\/425","targetHints":{"allow":["GET"]}}],"collection":[{"href":"https:\/\/pixikidzone.com\/fr\/wp-json\/wp\/v2\/pages"}],"about":[{"href":"https:\/\/pixikidzone.com\/fr\/wp-json\/wp\/v2\/types\/page"}],"author":[{"embeddable":true,"href":"https:\/\/pixikidzone.com\/fr\/wp-json\/wp\/v2\/users\/1"}],"replies":[{"embeddable":true,"href":"https:\/\/pixikidzone.com\/fr\/wp-json\/wp\/v2\/comments?post=425"}],"version-history":[{"count":144,"href":"https:\/\/pixikidzone.com\/fr\/wp-json\/wp\/v2\/pages\/425\/revisions"}],"predecessor-version":[{"id":6307,"href":"https:\/\/pixikidzone.com\/fr\/wp-json\/wp\/v2\/pages\/425\/revisions\/6307"}],"wp:attachment":[{"href":"https:\/\/pixikidzone.com\/fr\/wp-json\/wp\/v2\/media?parent=425"}],"curies":[{"name":"wp","href":"https:\/\/api.w.org\/{rel}","templated":true}]}}